{"id":2,"date":"2025-07-18T06:27:37","date_gmt":"2025-07-18T06:27:37","guid":{"rendered":"https:\/\/tvaa.es\/?page_id=2"},"modified":"2025-07-24T18:54:23","modified_gmt":"2025-07-24T18:54:23","slug":"sample-page","status":"publish","type":"page","link":"https:\/\/tvaa.es\/","title":{"rendered":"TV Alcal\u00e0 de Xivert &#8211; Alcossebre"},"content":{"rendered":"\n<figure class=\"wp-block-image size-full\"><img loading=\"lazy\" decoding=\"async\" width=\"225\" height=\"225\" src=\"https:\/\/tvaa.es\/wp-content\/uploads\/2025\/07\/logoTV-Alcala-Alcossebre.png\" alt=\"\" class=\"wp-image-33\" srcset=\"https:\/\/tvaa.es\/wp-content\/uploads\/2025\/07\/logoTV-Alcala-Alcossebre.png 225w, https:\/\/tvaa.es\/wp-content\/uploads\/2025\/07\/logoTV-Alcala-Alcossebre-150x150.png 150w\" sizes=\"auto, (max-width: 225px) 100vw, 225px\" \/><\/figure>\n\n\n\n<p class=\"has-contrast-color has-text-color has-link-color has-manrope-font-family wp-elements-11b4c178a51b2366c4796bf5635bd0d0\"><\/p>\n\n\n\n<p class=\"has-contrast-color has-text-color has-link-color has-manrope-font-family wp-elements-c407a6a8ca46d0a99ac9ba1687cfd0ac\">\u00ab<strong>TV Alcal\u00e0-Alcossebre<\/strong> (<strong>TVAA<\/strong>) emite on-line desde <strong>Alcal\u00e0 de Xivert<\/strong> y <strong>Alcossebre<\/strong>, en la provincia de Castell\u00f3n, para todo el mundo. TVAA es un medio de comunicaci\u00f3n dirigido por Ximo Zaragoza.\u00bb<\/p>\n\n\n\n<figure class=\"wp-block-image size-large\"><img loading=\"lazy\" decoding=\"async\" width=\"1024\" height=\"576\" src=\"https:\/\/tvaa.es\/wp-content\/uploads\/2025\/07\/TVAA-la-tele-que-ves-web-1024x576.jpg\" alt=\"\" class=\"wp-image-50\" srcset=\"https:\/\/tvaa.es\/wp-content\/uploads\/2025\/07\/TVAA-la-tele-que-ves-web-1024x576.jpg 1024w, https:\/\/tvaa.es\/wp-content\/uploads\/2025\/07\/TVAA-la-tele-que-ves-web-300x169.jpg 300w, https:\/\/tvaa.es\/wp-content\/uploads\/2025\/07\/TVAA-la-tele-que-ves-web-768x432.jpg 768w, https:\/\/tvaa.es\/wp-content\/uploads\/2025\/07\/TVAA-la-tele-que-ves-web.jpg 1366w\" sizes=\"auto, (max-width: 1024px) 100vw, 1024px\" \/><\/figure>\n\n\n\n<p><strong>Pod\u00e9is seguidnos en las RR.SS.:<\/strong><\/p>\n\n\n\n<ul class=\"wp-block-social-links is-layout-flex wp-block-social-links-is-layout-flex\"><li class=\"wp-social-link wp-social-link-youtube  wp-block-social-link\"><a href=\"https:\/\/www.youtube.com\/@AlcalaTelevisio\" class=\"wp-block-social-link-anchor\"><svg width=\"24\" height=\"24\" viewBox=\"0 0 24 24\" version=\"1.1\" xmlns=\"http:\/\/www.w3.org\/2000\/svg\" aria-hidden=\"true\" focusable=\"false\"><path d=\"M21.8,8.001c0,0-0.195-1.378-0.795-1.985c-0.76-0.797-1.613-0.801-2.004-0.847c-2.799-0.202-6.997-0.202-6.997-0.202 h-0.009c0,0-4.198,0-6.997,0.202C4.608,5.216,3.756,5.22,2.995,6.016C2.395,6.623,2.2,8.001,2.2,8.001S2,9.62,2,11.238v1.517 c0,1.618,0.2,3.237,0.2,3.237s0.195,1.378,0.795,1.985c0.761,0.797,1.76,0.771,2.205,0.855c1.6,0.153,6.8,0.201,6.8,0.201 s4.203-0.006,7.001-0.209c0.391-0.047,1.243-0.051,2.004-0.847c0.6-0.607,0.795-1.985,0.795-1.985s0.2-1.618,0.2-3.237v-1.517 C22,9.62,21.8,8.001,21.8,8.001z M9.935,14.594l-0.001-5.62l5.404,2.82L9.935,14.594z\"><\/path><\/svg><span class=\"wp-block-social-link-label screen-reader-text\">YouTube<\/span><\/a><\/li>\n\n<li class=\"wp-social-link wp-social-link-facebook  wp-block-social-link\"><a href=\"https:\/\/facebook.com\/alcalatelevisio\" class=\"wp-block-social-link-anchor\"><svg width=\"24\" height=\"24\" viewBox=\"0 0 24 24\" version=\"1.1\" xmlns=\"http:\/\/www.w3.org\/2000\/svg\" aria-hidden=\"true\" focusable=\"false\"><path d=\"M12 2C6.5 2 2 6.5 2 12c0 5 3.7 9.1 8.4 9.9v-7H7.9V12h2.5V9.8c0-2.5 1.5-3.9 3.8-3.9 1.1 0 2.2.2 2.2.2v2.5h-1.3c-1.2 0-1.6.8-1.6 1.6V12h2.8l-.4 2.9h-2.3v7C18.3 21.1 22 17 22 12c0-5.5-4.5-10-10-10z\"><\/path><\/svg><span class=\"wp-block-social-link-label screen-reader-text\">Facebook<\/span><\/a><\/li>\n\n<li class=\"wp-social-link wp-social-link-x  wp-block-social-link\"><a href=\"https:\/\/twitter.com\/alcalatelevisio\" class=\"wp-block-social-link-anchor\"><svg width=\"24\" height=\"24\" viewBox=\"0 0 24 24\" version=\"1.1\" xmlns=\"http:\/\/www.w3.org\/2000\/svg\" aria-hidden=\"true\" focusable=\"false\"><path d=\"M13.982 10.622 20.54 3h-1.554l-5.693 6.618L8.745 3H3.5l6.876 10.007L3.5 21h1.554l6.012-6.989L15.868 21h5.245l-7.131-10.378Zm-2.128 2.474-.697-.997-5.543-7.93H8l4.474 6.4.697.996 5.815 8.318h-2.387l-4.745-6.787Z\" \/><\/svg><span class=\"wp-block-social-link-label screen-reader-text\">X<\/span><\/a><\/li>\n\n\n\n\n\n<li class=\"wp-social-link wp-social-link-google  wp-block-social-link\"><a href=\"https:\/\/share.google\/juzfcS8ewic6qGSF9\" class=\"wp-block-social-link-anchor\"><svg width=\"24\" height=\"24\" viewBox=\"0 0 24 24\" version=\"1.1\" xmlns=\"http:\/\/www.w3.org\/2000\/svg\" aria-hidden=\"true\" focusable=\"false\"><path d=\"M12.02,10.18v3.72v0.01h5.51c-0.26,1.57-1.67,4.22-5.5,4.22c-3.31,0-6.01-2.75-6.01-6.12s2.7-6.12,6.01-6.12 c1.87,0,3.13,0.8,3.85,1.48l2.84-2.76C16.99,2.99,14.73,2,12.03,2c-5.52,0-10,4.48-10,10s4.48,10,10,10c5.77,0,9.6-4.06,9.6-9.77 c0-0.83-0.11-1.42-0.25-2.05H12.02z\"><\/path><\/svg><span class=\"wp-block-social-link-label screen-reader-text\">Google<\/span><\/a><\/li><\/ul>\n","protected":false},"excerpt":{"rendered":"<p>\u00abTV Alcal\u00e0-Alcossebre (TVAA) emite on-line desde Alcal\u00e0 de Xivert y Alcossebre, en la provincia de Castell\u00f3n, para todo el mundo. TVAA es un medio de comunicaci\u00f3n dirigido por Ximo Zaragoza.\u00bb Pod\u00e9is seguidnos en las RR.SS.:<\/p>\n","protected":false},"author":1,"featured_media":57,"parent":0,"menu_order":0,"comment_status":"closed","ping_status":"open","template":"","meta":{"footnotes":""},"class_list":["post-2","page","type-page","status-publish","has-post-thumbnail","hentry"],"yoast_head":"<!-- This site is optimized with the Yoast SEO plugin v27.3 - https:\/\/yoast.com\/product\/yoast-seo-wordpress\/ -->\n<title>TV Alcal\u00e0 de Xivert - Alcossebre - TV ALCAL\u00c0 ALCOSSEBRE<\/title>\n<meta name=\"robots\" content=\"index, follow, max-snippet:-1, max-image-preview:large, max-video-preview:-1\" \/>\n<link rel=\"canonical\" href=\"https:\/\/tvaa.es\/\" \/>\n<meta property=\"og:locale\" content=\"es_ES\" \/>\n<meta property=\"og:type\" content=\"article\" \/>\n<meta property=\"og:title\" content=\"TV Alcal\u00e0 de Xivert - Alcossebre - TV ALCAL\u00c0 ALCOSSEBRE\" \/>\n<meta property=\"og:description\" content=\"\u00abTV Alcal\u00e0-Alcossebre (TVAA) emite on-line desde Alcal\u00e0 de Xivert y Alcossebre, en la provincia de Castell\u00f3n, para todo el mundo. TVAA es un medio de comunicaci\u00f3n dirigido por Ximo Zaragoza.\u00bb Pod\u00e9is seguidnos en las RR.SS.:\" \/>\n<meta property=\"og:url\" content=\"https:\/\/tvaa.es\/\" \/>\n<meta property=\"og:site_name\" content=\"TV ALCAL\u00c0 ALCOSSEBRE\" \/>\n<meta property=\"article:modified_time\" content=\"2025-07-24T18:54:23+00:00\" \/>\n<meta property=\"og:image\" content=\"https:\/\/tvaa.es\/wp-content\/uploads\/2025\/07\/alcaladexivert-1.jpg\" \/>\n\t<meta property=\"og:image:width\" content=\"960\" \/>\n\t<meta property=\"og:image:height\" content=\"406\" \/>\n\t<meta property=\"og:image:type\" content=\"image\/jpeg\" \/>\n<meta name=\"twitter:card\" content=\"summary_large_image\" \/>\n<meta name=\"twitter:label1\" content=\"Tiempo de lectura\" \/>\n\t<meta name=\"twitter:data1\" content=\"1 minuto\" \/>\n<script type=\"application\/ld+json\" class=\"yoast-schema-graph\">{\"@context\":\"https:\\\/\\\/schema.org\",\"@graph\":[{\"@type\":\"WebPage\",\"@id\":\"https:\\\/\\\/tvaa.es\\\/\",\"url\":\"https:\\\/\\\/tvaa.es\\\/\",\"name\":\"TV Alcal\u00e0 de Xivert - Alcossebre - TV ALCAL\u00c0 ALCOSSEBRE\",\"isPartOf\":{\"@id\":\"https:\\\/\\\/tvaa.es\\\/#website\"},\"primaryImageOfPage\":{\"@id\":\"https:\\\/\\\/tvaa.es\\\/#primaryimage\"},\"image\":{\"@id\":\"https:\\\/\\\/tvaa.es\\\/#primaryimage\"},\"thumbnailUrl\":\"https:\\\/\\\/tvaa.es\\\/wp-content\\\/uploads\\\/2025\\\/07\\\/alcaladexivert-1.jpg\",\"datePublished\":\"2025-07-18T06:27:37+00:00\",\"dateModified\":\"2025-07-24T18:54:23+00:00\",\"breadcrumb\":{\"@id\":\"https:\\\/\\\/tvaa.es\\\/#breadcrumb\"},\"inLanguage\":\"es\",\"potentialAction\":[{\"@type\":\"ReadAction\",\"target\":[\"https:\\\/\\\/tvaa.es\\\/\"]}]},{\"@type\":\"ImageObject\",\"inLanguage\":\"es\",\"@id\":\"https:\\\/\\\/tvaa.es\\\/#primaryimage\",\"url\":\"https:\\\/\\\/tvaa.es\\\/wp-content\\\/uploads\\\/2025\\\/07\\\/alcaladexivert-1.jpg\",\"contentUrl\":\"https:\\\/\\\/tvaa.es\\\/wp-content\\\/uploads\\\/2025\\\/07\\\/alcaladexivert-1.jpg\",\"width\":960,\"height\":406},{\"@type\":\"BreadcrumbList\",\"@id\":\"https:\\\/\\\/tvaa.es\\\/#breadcrumb\",\"itemListElement\":[{\"@type\":\"ListItem\",\"position\":1,\"name\":\"Portada\",\"item\":\"https:\\\/\\\/tvaa.es\\\/\"},{\"@type\":\"ListItem\",\"position\":2,\"name\":\"TV Alcal\u00e0 de Xivert &#8211; Alcossebre\"}]},{\"@type\":\"WebSite\",\"@id\":\"https:\\\/\\\/tvaa.es\\\/#website\",\"url\":\"https:\\\/\\\/tvaa.es\\\/\",\"name\":\"TV ALCAL\u00c0 ALCOSSEBRE\",\"description\":\"El reportaje es el culmen de la realidad; en pos de la noticia.\",\"publisher\":{\"@id\":\"https:\\\/\\\/tvaa.es\\\/#organization\"},\"potentialAction\":[{\"@type\":\"SearchAction\",\"target\":{\"@type\":\"EntryPoint\",\"urlTemplate\":\"https:\\\/\\\/tvaa.es\\\/?s={search_term_string}\"},\"query-input\":{\"@type\":\"PropertyValueSpecification\",\"valueRequired\":true,\"valueName\":\"search_term_string\"}}],\"inLanguage\":\"es\"},{\"@type\":\"Organization\",\"@id\":\"https:\\\/\\\/tvaa.es\\\/#organization\",\"name\":\"TV ALCAL\u00c0 ALCOSSEBRE\",\"url\":\"https:\\\/\\\/tvaa.es\\\/\",\"logo\":{\"@type\":\"ImageObject\",\"inLanguage\":\"es\",\"@id\":\"https:\\\/\\\/tvaa.es\\\/#\\\/schema\\\/logo\\\/image\\\/\",\"url\":\"https:\\\/\\\/tvaa.es\\\/wp-content\\\/uploads\\\/2025\\\/07\\\/logo-TV-Alcala-de-Xivert-Alcossebre.jpg\",\"contentUrl\":\"https:\\\/\\\/tvaa.es\\\/wp-content\\\/uploads\\\/2025\\\/07\\\/logo-TV-Alcala-de-Xivert-Alcossebre.jpg\",\"width\":160,\"height\":160,\"caption\":\"TV ALCAL\u00c0 ALCOSSEBRE\"},\"image\":{\"@id\":\"https:\\\/\\\/tvaa.es\\\/#\\\/schema\\\/logo\\\/image\\\/\"},\"sameAs\":[\"https:\\\/\\\/x.com\\\/alcalatelevisio\",\"https:\\\/\\\/www.instagram.com\\\/televisioalcala\\\/\",\"https:\\\/\\\/www.instagram.com\\\/ximo.zaragoza.10\\\/\",\"https:\\\/\\\/www.youtube.com\\\/@AlcalaTelevisio\"]}]}<\/script>\n<!-- \/ Yoast SEO plugin. -->","yoast_head_json":{"title":"TV Alcal\u00e0 de Xivert - Alcossebre - TV ALCAL\u00c0 ALCOSSEBRE","robots":{"index":"index","follow":"follow","max-snippet":"max-snippet:-1","max-image-preview":"max-image-preview:large","max-video-preview":"max-video-preview:-1"},"canonical":"https:\/\/tvaa.es\/","og_locale":"es_ES","og_type":"article","og_title":"TV Alcal\u00e0 de Xivert - Alcossebre - TV ALCAL\u00c0 ALCOSSEBRE","og_description":"\u00abTV Alcal\u00e0-Alcossebre (TVAA) emite on-line desde Alcal\u00e0 de Xivert y Alcossebre, en la provincia de Castell\u00f3n, para todo el mundo. TVAA es un medio de comunicaci\u00f3n dirigido por Ximo Zaragoza.\u00bb Pod\u00e9is seguidnos en las RR.SS.:","og_url":"https:\/\/tvaa.es\/","og_site_name":"TV ALCAL\u00c0 ALCOSSEBRE","article_modified_time":"2025-07-24T18:54:23+00:00","og_image":[{"width":960,"height":406,"url":"https:\/\/tvaa.es\/wp-content\/uploads\/2025\/07\/alcaladexivert-1.jpg","type":"image\/jpeg"}],"twitter_card":"summary_large_image","twitter_misc":{"Tiempo de lectura":"1 minuto"},"schema":{"@context":"https:\/\/schema.org","@graph":[{"@type":"WebPage","@id":"https:\/\/tvaa.es\/","url":"https:\/\/tvaa.es\/","name":"TV Alcal\u00e0 de Xivert - Alcossebre - TV ALCAL\u00c0 ALCOSSEBRE","isPartOf":{"@id":"https:\/\/tvaa.es\/#website"},"primaryImageOfPage":{"@id":"https:\/\/tvaa.es\/#primaryimage"},"image":{"@id":"https:\/\/tvaa.es\/#primaryimage"},"thumbnailUrl":"https:\/\/tvaa.es\/wp-content\/uploads\/2025\/07\/alcaladexivert-1.jpg","datePublished":"2025-07-18T06:27:37+00:00","dateModified":"2025-07-24T18:54:23+00:00","breadcrumb":{"@id":"https:\/\/tvaa.es\/#breadcrumb"},"inLanguage":"es","potentialAction":[{"@type":"ReadAction","target":["https:\/\/tvaa.es\/"]}]},{"@type":"ImageObject","inLanguage":"es","@id":"https:\/\/tvaa.es\/#primaryimage","url":"https:\/\/tvaa.es\/wp-content\/uploads\/2025\/07\/alcaladexivert-1.jpg","contentUrl":"https:\/\/tvaa.es\/wp-content\/uploads\/2025\/07\/alcaladexivert-1.jpg","width":960,"height":406},{"@type":"BreadcrumbList","@id":"https:\/\/tvaa.es\/#breadcrumb","itemListElement":[{"@type":"ListItem","position":1,"name":"Portada","item":"https:\/\/tvaa.es\/"},{"@type":"ListItem","position":2,"name":"TV Alcal\u00e0 de Xivert &#8211; Alcossebre"}]},{"@type":"WebSite","@id":"https:\/\/tvaa.es\/#website","url":"https:\/\/tvaa.es\/","name":"TV ALCAL\u00c0 ALCOSSEBRE","description":"El reportaje es el culmen de la realidad; en pos de la noticia.","publisher":{"@id":"https:\/\/tvaa.es\/#organization"},"potentialAction":[{"@type":"SearchAction","target":{"@type":"EntryPoint","urlTemplate":"https:\/\/tvaa.es\/?s={search_term_string}"},"query-input":{"@type":"PropertyValueSpecification","valueRequired":true,"valueName":"search_term_string"}}],"inLanguage":"es"},{"@type":"Organization","@id":"https:\/\/tvaa.es\/#organization","name":"TV ALCAL\u00c0 ALCOSSEBRE","url":"https:\/\/tvaa.es\/","logo":{"@type":"ImageObject","inLanguage":"es","@id":"https:\/\/tvaa.es\/#\/schema\/logo\/image\/","url":"https:\/\/tvaa.es\/wp-content\/uploads\/2025\/07\/logo-TV-Alcala-de-Xivert-Alcossebre.jpg","contentUrl":"https:\/\/tvaa.es\/wp-content\/uploads\/2025\/07\/logo-TV-Alcala-de-Xivert-Alcossebre.jpg","width":160,"height":160,"caption":"TV ALCAL\u00c0 ALCOSSEBRE"},"image":{"@id":"https:\/\/tvaa.es\/#\/schema\/logo\/image\/"},"sameAs":["https:\/\/x.com\/alcalatelevisio","https:\/\/www.instagram.com\/televisioalcala\/","https:\/\/www.instagram.com\/ximo.zaragoza.10\/","https:\/\/www.youtube.com\/@AlcalaTelevisio"]}]}},"_links":{"self":[{"href":"https:\/\/tvaa.es\/index.php?rest_route=\/wp\/v2\/pages\/2","targetHints":{"allow":["GET"]}}],"collection":[{"href":"https:\/\/tvaa.es\/index.php?rest_route=\/wp\/v2\/pages"}],"about":[{"href":"https:\/\/tvaa.es\/index.php?rest_route=\/wp\/v2\/types\/page"}],"author":[{"embeddable":true,"href":"https:\/\/tvaa.es\/index.php?rest_route=\/wp\/v2\/users\/1"}],"replies":[{"embeddable":true,"href":"https:\/\/tvaa.es\/index.php?rest_route=%2Fwp%2Fv2%2Fcomments&post=2"}],"version-history":[{"count":8,"href":"https:\/\/tvaa.es\/index.php?rest_route=\/wp\/v2\/pages\/2\/revisions"}],"predecessor-version":[{"id":52,"href":"https:\/\/tvaa.es\/index.php?rest_route=\/wp\/v2\/pages\/2\/revisions\/52"}],"wp:featuredmedia":[{"embeddable":true,"href":"https:\/\/tvaa.es\/index.php?rest_route=\/wp\/v2\/media\/57"}],"wp:attachment":[{"href":"https:\/\/tvaa.es\/index.php?rest_route=%2Fwp%2Fv2%2Fmedia&parent=2"}],"curies":[{"name":"wp","href":"https:\/\/api.w.org\/{rel}","templated":true}]}}